{"id":98,"date":"2019-10-17T17:31:35","date_gmt":"2019-10-17T15:31:35","guid":{"rendered":"http:\/\/einsiedel-architekten.de\/cms\/?page_id=98"},"modified":"2019-12-10T09:51:39","modified_gmt":"2019-12-10T08:51:39","slug":"auszeichnungen","status":"publish","type":"page","link":"http:\/\/einsiedel-architekten.de\/cms\/auszeichnungen\/","title":{"rendered":"AUSZEICHNUNGEN"},"content":{"rendered":"\n<p><\/p>\n\n\n\n<p style=\"color:#dd890b\" class=\"has-text-color\">PREISE UND AUSZEICHNUNGEN<br><br><\/p>\n\n\n\n<p style=\"color:#dd890b\" class=\"has-text-color\">2016<\/p>\n\n\n\n<p>Engere Wahl zum Denkmalschutzpreis Baden-W\u00fcrttemberg: Umnutzung + Restaurierung Villa Scheufelen, Stuttgart<br>Schw\u00e4bischer Heimatbund und W\u00fcstenrot-Stiftung  <br><br><\/p>\n\n\n\n<p style=\"color:#dd890b\" class=\"has-text-color\">2008<\/p>\n\n\n\n<p>Denkmalschutzpreis Baden-W\u00fcrttemberg: Restaurierung Villa Kahn, Stuttgart<br>Schw\u00e4bischer Heimatbund und W\u00fcstenrot-Stiftung <br><br><\/p>\n\n\n\n<p style=\"color:#dd890b\" class=\"has-text-color\">2006<\/p>\n\n\n\n<p>Nominierung ECOLA-Award \/ Europ. Architekturpreis Putz 2006<br>Sto AG \/ AIT Fachzeitschrift  <br><br><\/p>\n\n\n\n<p style=\"color:#dd890b\" class=\"has-text-color\">2000<\/p>\n\n\n\n<p>Auszeichnung Vorbildlicher Bauten in NRW (UW-Media+ Kita Zugasse)<br>Ministerium f. Bauen und Wohnen NRW Architektenkammer NRW<br><br><\/p>\n\n\n\n<p style=\"color:#dd890b\" class=\"has-text-color\">1999<\/p>\n\n\n\n<p>Preis \u201eNeues Leben in alten Geb\u00e4uden\u201c <br>Deutsche Bank AG, Frankfurt<br><br>BDA Architekturpreis NRW (Kita Zugasse, K\u00f6ln)<br>BDA Nordrheinwestfalen, D\u00fcsseldorf<br><br><\/p>\n\n\n\n<p style=\"color:#dd890b\" class=\"has-text-color\">1998<\/p>\n\n\n\n<p>Auszeichnung zum Gestaltungspreis der W\u00fcstenrot-Stiftung: \u201eUmnutzung im Bestand\u201c <br>W\u00fcstenrot-Stiftung, Stuttgart<br><br> <\/p>\n\n\n\n<p style=\"color:#dd890b\" class=\"has-text-color\">1997<\/p>\n\n\n\n<p>Auszeichnung : Vorbildliche Bauten in Handwerk und Industrie in NRW<br>Ministerium f. Stadtentwicklung Kultur Architektenkammer NRW<br><br><\/p>\n\n\n\n<p style=\"color:#dd890b\" class=\"has-text-color\">1996<\/p>\n\n\n\n<p>Anerkennung zum WestHyp-Architekturpreis f\u00fcr vorbildliche Gewerbebauten (UW Media)<br>WestHyp-Stiftung der Westf\u00e4lischen Hypothekenbank, Dortmund <br><br><\/p>\n\n\n\n<p style=\"color:#dd890b\" class=\"has-text-color\">1995<\/p>\n\n\n\n<p>K\u00f6lner Architekturpreis sowie eine Anerkennung zum K\u00f6lner Architekturpreis<br>Stadt K\u00f6ln, BDA K\u00f6ln, K\u00f6lner Kunstverein, Deutscher Werkbund<br><br><br><\/p>\n\n\n\n<p style=\"color:#dd890b\" class=\"has-text-color\">TEILNAHME AN AUSSTELLUNGEN<br><br><\/p>\n\n\n\n<p style=\"color:#dd890b\" class=\"has-text-color\">2006<\/p>\n\n\n\n<p>&#8222;Viel Holz &#8211; Wohnbau zwischen Kochenhof und Wei\u00dfenhof\u201c Architekturgalerie Wei\u00dfenhof, Stuttgart<br>Ausstellungskonzeption und- design: Prof. P.Cheret, S.v.Einsiedel, A.K.Vetter<br><br><\/p>\n\n\n\n<p style=\"color:#dd890b\" class=\"has-text-color\">2001<\/p>\n\n\n\n<p>Kuratierung der Ausstellung \u201eUlm vs. Frankfurt\u201c mit P. Cheret und M.Kaune in der Architekturgalerie Wei\u00dfenhof <br><\/p>\n\n\n\n<p>Mitglied im Kuratorium Architekturgalerie Am Wei\u00dfenhof, Stuttgart<br><\/p>\n\n\n\n<p>&#8222;Lust auf Architektur\u201c<br>Ausstellung Bezirksgruppe BDA in der VHS \/ Kulturzentrum Stuttgart  <br><br><\/p>\n\n\n\n<p style=\"color:#dd890b\" class=\"has-text-color\">2000<\/p>\n\n\n\n<p>&nbsp;\u201eUmnutzung im Bestand: Neue Zwecke f\u00fcr alte Geb\u00e4ude\u201c<br> Wanderausstellung   der W\u00fcstenrot-Stiftung<\/p>\n\n\n\n<p>\u201eNeues Leben in alten Geb\u00e4uden\u201c<br>Deutsches Architekturmuseum und Deutsche Bank Bauspar AG <br><br><\/p>\n\n\n\n<p style=\"color:#dd890b\" class=\"has-text-color\">1999<\/p>\n\n\n\n<p>\u00dcber die Funktion hinaus..Vorbildliche Gewerbebauten<br>von Architekten selbst organisierte Ausstellung im Rahmen der plan 99 in K\u00f6ln<br><br><\/p>\n\n\n\n<p style=\"color:#dd890b\" class=\"has-text-color\">1998<\/p>\n\n\n\n<p>Tag der Architektur in NRW: Kindertagesst\u00e4tte Zugasse. K\u00f6ln<br>Architektenkammer NRW<br><br><\/p>\n\n\n\n<p style=\"color:#dd890b\" class=\"has-text-color\">1996<\/p>\n\n\n\n<p>Tag der Architektur in NRW: Umspannwerk MediaPark K\u00f6ln<br>Architektenkammer NRW<\/p>\n\n\n\n<p>Tag der Architektur in Sachsen: Umbau Finanzministerium, Dresden<br>Architektenkammer  Sachsen <br><br><\/p>\n\n\n\n<p style=\"color:#dd890b\" class=\"has-text-color\">1995<\/p>\n\n\n\n<p>K\u00f6lner Wirtschaftsbauten<br>Stadt K\u00f6ln und Stadtsparkasse K\u00f6ln <\/p>\n","protected":false},"excerpt":{"rendered":"<p>PREISE UND AUSZEICHNUNGEN 2016 Engere Wahl zum Denkmalschutzpreis Baden-W\u00fcrttemberg: Umnutzung + Restaurierung Villa Scheufelen, StuttgartSchw\u00e4bischer Heimatbund und W\u00fcstenrot-Stiftung 2008 Denkmalschutzpreis Baden-W\u00fcrttemberg: Restaurierung Villa Kahn, StuttgartSchw\u00e4bischer Heimatbund und W\u00fcstenrot-Stiftung 2006 Nominierung ECOLA-Award \/ Europ. Architekturpreis Putz 2006Sto AG \/ AIT Fachzeitschrift 2000 Auszeichnung Vorbildlicher Bauten in NRW (UW-Media+ Kita Zugasse)Ministerium f. Bauen und Wohnen NRW Architektenkammer [&hellip;]<\/p>\n","protected":false},"author":2,"featured_media":0,"parent":0,"menu_order":0,"comment_status":"closed","ping_status":"closed","template":"","meta":{"_vp_format_video_url":"","_vp_image_focal_point":[],"footnotes":""},"folder":[4],"class_list":["post-98","page","type-page","status-publish","hentry"],"_links":{"self":[{"href":"http:\/\/einsiedel-architekten.de\/cms\/wp-json\/wp\/v2\/pages\/98","targetHints":{"allow":["GET"]}}],"collection":[{"href":"http:\/\/einsiedel-architekten.de\/cms\/wp-json\/wp\/v2\/pages"}],"about":[{"href":"http:\/\/einsiedel-architekten.de\/cms\/wp-json\/wp\/v2\/types\/page"}],"author":[{"embeddable":true,"href":"http:\/\/einsiedel-architekten.de\/cms\/wp-json\/wp\/v2\/users\/2"}],"replies":[{"embeddable":true,"href":"http:\/\/einsiedel-architekten.de\/cms\/wp-json\/wp\/v2\/comments?post=98"}],"version-history":[{"count":26,"href":"http:\/\/einsiedel-architekten.de\/cms\/wp-json\/wp\/v2\/pages\/98\/revisions"}],"predecessor-version":[{"id":1730,"href":"http:\/\/einsiedel-architekten.de\/cms\/wp-json\/wp\/v2\/pages\/98\/revisions\/1730"}],"wp:attachment":[{"href":"http:\/\/einsiedel-architekten.de\/cms\/wp-json\/wp\/v2\/media?parent=98"}],"wp:term":[{"taxonomy":"folder","embeddable":true,"href":"http:\/\/einsiedel-architekten.de\/cms\/wp-json\/wp\/v2\/folder?post=98"}],"curies":[{"name":"wp","href":"https:\/\/api.w.org\/{rel}","templated":true}]}}